{"id":74,"date":"2024-03-24T17:04:48","date_gmt":"2024-03-24T16:04:48","guid":{"rendered":"http:\/\/game.cyberinc.pro:8220\/?page_id=74"},"modified":"2025-02-12T08:22:33","modified_gmt":"2025-02-12T07:22:33","slug":"demo-reel-fx","status":"publish","type":"page","link":"https:\/\/www.victormercier.com\/?page_id=74","title":{"rendered":"Demo Reel FX"},"content":{"rendered":"\t\t<div data-elementor-type=\"wp-page\" data-elementor-id=\"74\" class=\"elementor elementor-74\">\n\t\t\t\t<div class=\"elementor-element elementor-element-7b803b9 e-flex e-con-boxed e-con e-parent\" data-id=\"7b803b9\" data-element_type=\"container\">\n\t\t\t\t\t<div class=\"e-con-inner\">\n\t\t\t\t<div class=\"elementor-element elementor-element-e566140 elementor-widget elementor-widget-ppwp\" data-id=\"e566140\" data-element_type=\"widget\" data-widget_type=\"ppwp.default\">\n\t\t\t\t<div class=\"elementor-widget-container\">\n\t\t\t\t\t\t\t\t<div class=\"elementor-shortcode\"><div class=\"ppw-restricted-content ppw-pcp-container\" id=\"74735\">\n\t<form method=\"post\" autocomplete=\"off\" action=\"https:\/\/www.victormercier.com\/?page_id=74?action=postpass&r=28\" target=\"_top\" class=\"post-password-form ppw-form ppw-pcp-password-form\" data-submit=\"74\">\n\t\t<div class=\"ppw-headline ppw-pcp-pf-headline\">Restricted Content<\/div>\n\t\t<div class=\"ppw-description ppw-pcp-pf-desc\">To view this protected content, enter the password below:<\/div>\n\t\t\n\t\t<p class=\"ppw-input\">\n\t\t\t<input type=\"hidden\" value=\"0\" name=\"area\" \/>\n\t\t\t<label class=\"ppw-pcp-password-label\">Mot de passe : <input placeholder=\"\" type=\"password\" tabindex=\"1\" name=\"74\" class=\"ppw-password-input ppw-pcp-pf-password-input\" autocomplete=\"new-password\">\n\t\t\t<\/label>\n\t\t\t<input class=\"ppw-page\" type=\"hidden\" value=\"1\" \/>\n\t\t\t\n\t\t\t\t\t\t<input name=\"submit\" type=\"submit\" data-loading=\"Loading...\" class=\"ppw-submit ppw-pcp-pf-submit-btn\" value=\"Enter\"\/>\n\t\t<\/p>\n\t\t\n\t\t<div class=\"ppw-pcp-pf-desc-below-form\"><\/div>\n\t\t\n\t\t<div class=\"ppw-error ppw-pcp-pf-error-msg\" style=\"color: #dc3232\">\n\t\t\t\n\t\t<\/div>\n\t<\/form>\n<\/div>\n<\/div>\n\t\t\t\t\t\t\t<\/div>\n\t\t\t\t<\/div>\n\t\t\t\t\t<\/div>\n\t\t\t\t<\/div>\n\t\t<div class=\"elementor-element elementor-element-2b8e2c7 e-flex e-con-boxed e-con e-parent\" data-id=\"2b8e2c7\" data-element_type=\"container\">\n\t\t\t\t\t<div class=\"e-con-inner\">\n\t\t\t\t<div class=\"elementor-element elementor-element-e242bc0 elementor-widget elementor-widget-text-editor\" data-id=\"e242bc0\" data-element_type=\"widget\" data-widget_type=\"text-editor.default\">\n\t\t\t\t<div class=\"elementor-widget-container\">\n\t\t\t\t\t\t\t\t\t<p>Tout ou partie de mon travail est prot\u00e9g\u00e9, si je ne vous ai pas encore communiqu\u00e9 le mot de passe, vous pouvez me contacter par mail : merciervictor73@gmail.com<\/p>\t\t\t\t\t\t\t\t<\/div>\n\t\t\t\t<\/div>\n\t\t\t\t\t<\/div>\n\t\t\t\t<\/div>\n\t\t\t\t<\/div>\n\t\t","protected":false},"excerpt":{"rendered":"<p>Tout ou partie de mon travail est prot\u00e9g\u00e9, si je ne vous ai pas encore communiqu\u00e9 le mot de passe, vous pouvez me contacter par mail : merciervictor73@gmail.com<\/p>\n","protected":false},"author":1,"featured_media":0,"parent":0,"menu_order":0,"comment_status":"closed","ping_status":"closed","template":"","meta":{"footnotes":""},"acf":{"page_background_color":""},"_links":{"self":[{"href":"https:\/\/www.victormercier.com\/index.php?rest_route=\/wp\/v2\/pages\/74"}],"collection":[{"href":"https:\/\/www.victormercier.com\/index.php?rest_route=\/wp\/v2\/pages"}],"about":[{"href":"https:\/\/www.victormercier.com\/index.php?rest_route=\/wp\/v2\/types\/page"}],"author":[{"embeddable":true,"href":"https:\/\/www.victormercier.com\/index.php?rest_route=\/wp\/v2\/users\/1"}],"replies":[{"embeddable":true,"href":"https:\/\/www.victormercier.com\/index.php?rest_route=%2Fwp%2Fv2%2Fcomments&post=74"}],"version-history":[{"count":19,"href":"https:\/\/www.victormercier.com\/index.php?rest_route=\/wp\/v2\/pages\/74\/revisions"}],"predecessor-version":[{"id":306,"href":"https:\/\/www.victormercier.com\/index.php?rest_route=\/wp\/v2\/pages\/74\/revisions\/306"}],"wp:attachment":[{"href":"https:\/\/www.victormercier.com\/index.php?rest_route=%2Fwp%2Fv2%2Fmedia&parent=74"}],"curies":[{"name":"wp","href":"https:\/\/api.w.org\/{rel}","templated":true}]}}